{"id":6,"date":"2021-09-18T11:12:00","date_gmt":"2021-09-18T09:12:00","guid":{"rendered":"https:\/\/ericfischer.eu\/?page_id=6"},"modified":"2024-12-21T08:31:32","modified_gmt":"2024-12-21T07:31:32","slug":"startseite","status":"publish","type":"page","link":"https:\/\/ericfischer.eu\/en\/","title":{"rendered":"Home"},"content":{"rendered":"<div class=\"wp-block-cover alignfull is-light\" style=\"min-height:724px;aspect-ratio:unset;\"><span aria-hidden=\"true\" class=\"wp-block-cover__background has-background-dim-0 has-background-dim\" style=\"background-color:#bbcce7\"><\/span><img loading=\"lazy\" decoding=\"async\" width=\"2560\" height=\"1097\" class=\"wp-block-cover__image-background wp-image-19704\" alt=\"\" src=\"https:\/\/ericfischer.eu\/wp-content\/uploads\/2024\/12\/rotated-scaled.jpg\" data-object-fit=\"cover\" srcset=\"https:\/\/ericfischer.eu\/wp-content\/uploads\/2024\/12\/rotated-scaled.jpg 2560w, https:\/\/ericfischer.eu\/wp-content\/uploads\/2024\/12\/rotated-300x129.jpg 300w, https:\/\/ericfischer.eu\/wp-content\/uploads\/2024\/12\/rotated-1024x439.jpg 1024w, https:\/\/ericfischer.eu\/wp-content\/uploads\/2024\/12\/rotated-768x329.jpg 768w, https:\/\/ericfischer.eu\/wp-content\/uploads\/2024\/12\/rotated-1536x658.jpg 1536w, https:\/\/ericfischer.eu\/wp-content\/uploads\/2024\/12\/rotated-2048x878.jpg 2048w, https:\/\/ericfischer.eu\/wp-content\/uploads\/2024\/12\/rotated-18x8.jpg 18w\" sizes=\"auto, (max-width: 2560px) 100vw, 2560px\" \/><div class=\"wp-block-cover__inner-container is-layout-constrained wp-block-cover-is-layout-constrained\"><div class=\"wp-block-image rounded-logo\">\n<figure class=\"aligncenter size-large is-resized\"><img loading=\"lazy\" decoding=\"async\" width=\"1024\" height=\"682\" src=\"https:\/\/ericfischer.eu\/wp-content\/uploads\/2024\/10\/DSC05811-1024x682.jpg\" alt=\"\" class=\"wp-image-19683\" style=\"aspect-ratio:1;object-fit:cover;width:316px;height:auto\" srcset=\"https:\/\/ericfischer.eu\/wp-content\/uploads\/2024\/10\/DSC05811-1024x682.jpg 1024w, https:\/\/ericfischer.eu\/wp-content\/uploads\/2024\/10\/DSC05811-300x200.jpg 300w, https:\/\/ericfischer.eu\/wp-content\/uploads\/2024\/10\/DSC05811-768x511.jpg 768w, https:\/\/ericfischer.eu\/wp-content\/uploads\/2024\/10\/DSC05811-1536x1022.jpg 1536w, https:\/\/ericfischer.eu\/wp-content\/uploads\/2024\/10\/DSC05811-2048x1363.jpg 2048w, https:\/\/ericfischer.eu\/wp-content\/uploads\/2024\/10\/DSC05811-930x620.jpg 930w\" sizes=\"auto, (max-width: 1024px) 100vw, 1024px\" \/><\/figure>\n<\/div>\n\n\n<div style=\"height:100px\" aria-hidden=\"true\" class=\"wp-block-spacer\"><\/div>\n\n\n\n<p class=\"has-text-align-center has-x-large-font-size\">Transforming Ideas into Solutions<\/p>\n<\/div><\/div>\n\n\n\n<h2 class=\"wp-block-heading has-text-align-center\">From the blog<\/h2>\n\n\n\n<div class=\"wp-block-query is-layout-flow wp-block-query-is-layout-flow\"><ul class=\"wp-block-post-template is-layout-grid wp-container-core-post-template-is-layout-763cd4b6 wp-block-post-template-is-layout-grid\"><li class=\"wp-block-post post-19770 post type-post status-publish format-standard has-post-thumbnail hentry category-allgemein\">\n\n<div class=\"wp-block-group\" style=\"padding-top:30px;padding-right:30px;padding-bottom:30px;padding-left:30px\"><div class=\"wp-block-group__inner-container is-layout-flow wp-block-group-is-layout-flow\"><figure class=\"blog-post-image wp-block-post-featured-image\"><img loading=\"lazy\" decoding=\"async\" width=\"1024\" height=\"1024\" src=\"https:\/\/ericfischer.eu\/wp-content\/uploads\/2026\/01\/179-3948042.jpeg\" class=\"attachment-post-thumbnail size-post-thumbnail wp-post-image\" alt=\"\" style=\"object-fit:cover;\" srcset=\"https:\/\/ericfischer.eu\/wp-content\/uploads\/2026\/01\/179-3948042.jpeg 1024w, https:\/\/ericfischer.eu\/wp-content\/uploads\/2026\/01\/179-3948042-300x300.jpeg 300w, https:\/\/ericfischer.eu\/wp-content\/uploads\/2026\/01\/179-3948042-150x150.jpeg 150w, https:\/\/ericfischer.eu\/wp-content\/uploads\/2026\/01\/179-3948042-768x768.jpeg 768w, https:\/\/ericfischer.eu\/wp-content\/uploads\/2026\/01\/179-3948042-12x12.jpeg 12w\" sizes=\"auto, (max-width: 1024px) 100vw, 1024px\" \/><\/figure>\n\n<h2 class=\"wp-block-post-title\"><a href=\"https:\/\/ericfischer.eu\/en\/2026\/01\/16\/downtime-bei-migrationen-warum-das-die-falsche-frage-ist\/\" target=\"_self\" >Downtime during migrations? Why that's the wrong question.<\/a><\/h2>\n\n<div class=\"wp-block-post-excerpt\"><p class=\"wp-block-post-excerpt__excerpt\">Immer wieder bekomme ich von Kunden die Frage gestellt, mit welcher Downtime sie bei einer Migration zu rechnen haben. Diese Frage offenbart, dass einige noch den Big Bang, die pl\u00f6tzliche Umstellung von einer L\u00f6sung auf die andere, als einzige Umstellungsm\u00f6glichkeit betrachten. Tats\u00e4chlich ist der Big Bang aber nicht mehr Best Practice. Der Big Bang im<\/p><p class=\"wp-block-post-excerpt__more-text\"><a class=\"wp-block-post-excerpt__more-link\" href=\"https:\/\/ericfischer.eu\/en\/2026\/01\/16\/downtime-bei-migrationen-warum-das-die-falsche-frage-ist\/\">Read now<\/a><\/p><\/div>\n\n<div class=\"wp-block-post-date\"><time datetime=\"2026-01-16T09:16:00+01:00\">16. January 2026<\/time><\/div><\/div><\/div>\n\n<\/li><li class=\"wp-block-post post-19765 post type-post status-publish format-standard has-post-thumbnail hentry category-public-administration category-open-source\">\n\n<div class=\"wp-block-group\" style=\"padding-top:30px;padding-right:30px;padding-bottom:30px;padding-left:30px\"><div class=\"wp-block-group__inner-container is-layout-flow wp-block-group-is-layout-flow\"><figure class=\"blog-post-image wp-block-post-featured-image\"><img loading=\"lazy\" decoding=\"async\" width=\"1920\" height=\"1280\" src=\"https:\/\/ericfischer.eu\/wp-content\/uploads\/2025\/05\/ship-6794508_1920.jpg\" class=\"attachment-post-thumbnail size-post-thumbnail wp-post-image\" alt=\"\" style=\"object-fit:cover;\" srcset=\"https:\/\/ericfischer.eu\/wp-content\/uploads\/2025\/05\/ship-6794508_1920.jpg 1920w, https:\/\/ericfischer.eu\/wp-content\/uploads\/2025\/05\/ship-6794508_1920-300x200.jpg 300w, https:\/\/ericfischer.eu\/wp-content\/uploads\/2025\/05\/ship-6794508_1920-1024x683.jpg 1024w, https:\/\/ericfischer.eu\/wp-content\/uploads\/2025\/05\/ship-6794508_1920-768x512.jpg 768w, https:\/\/ericfischer.eu\/wp-content\/uploads\/2025\/05\/ship-6794508_1920-1536x1024.jpg 1536w, https:\/\/ericfischer.eu\/wp-content\/uploads\/2025\/05\/ship-6794508_1920-18x12.jpg 18w, https:\/\/ericfischer.eu\/wp-content\/uploads\/2025\/05\/ship-6794508_1920-930x620.jpg 930w\" sizes=\"auto, (max-width: 1920px) 100vw, 1920px\" \/><\/figure>\n\n<h2 class=\"wp-block-post-title\"><a href=\"https:\/\/ericfischer.eu\/en\/2025\/05\/09\/kommentar-autos-in-die-usa-software-nach-deutschland\/\" target=\"_self\" >Comment: Cars to the US, Software to Europe<\/a><\/h2>\n\n<div class=\"wp-block-post-excerpt\"><p class=\"wp-block-post-excerpt__excerpt\">Eines der Ziele der Zollpolitik vom Donald Trump: Deutsche Autobauer sollen nahezu vollst\u00e4ndig in den USA produzieren. Das wird sich wahrscheinlich auch bei den Gespr\u00e4chen zwischen Merz und Trump nicht \u00e4ndern. Wenn wir also schon Zusagen machen m\u00fcssen &#8211; warum holen wir uns dann nicht die Softwareentwicklung nach Deutschland? Wenn es nach Trump geht, sollen<\/p><p class=\"wp-block-post-excerpt__more-text\"><a class=\"wp-block-post-excerpt__more-link\" href=\"https:\/\/ericfischer.eu\/en\/2025\/05\/09\/kommentar-autos-in-die-usa-software-nach-deutschland\/\">Read now<\/a><\/p><\/div>\n\n<div class=\"wp-block-post-date\"><time datetime=\"2025-05-09T07:45:24+02:00\">9. May 2025<\/time><\/div><\/div><\/div>\n\n<\/li><li class=\"wp-block-post post-19760 post type-post status-publish format-standard has-post-thumbnail hentry category-open-source\">\n\n<div class=\"wp-block-group\" style=\"padding-top:30px;padding-right:30px;padding-bottom:30px;padding-left:30px\"><div class=\"wp-block-group__inner-container is-layout-flow wp-block-group-is-layout-flow\"><figure class=\"blog-post-image wp-block-post-featured-image\"><img loading=\"lazy\" decoding=\"async\" width=\"1920\" height=\"1277\" src=\"https:\/\/ericfischer.eu\/wp-content\/uploads\/2025\/04\/padlock-428549_1920.jpg\" class=\"attachment-post-thumbnail size-post-thumbnail wp-post-image\" alt=\"Ein rostiges Schluss an einer gr\u00fcn lackierten Holzt\u00fcre als Symbol f\u00fcr einen Vendor-Lock-In.\" style=\"object-fit:cover;\" srcset=\"https:\/\/ericfischer.eu\/wp-content\/uploads\/2025\/04\/padlock-428549_1920.jpg 1920w, https:\/\/ericfischer.eu\/wp-content\/uploads\/2025\/04\/padlock-428549_1920-300x200.jpg 300w, https:\/\/ericfischer.eu\/wp-content\/uploads\/2025\/04\/padlock-428549_1920-1024x681.jpg 1024w, https:\/\/ericfischer.eu\/wp-content\/uploads\/2025\/04\/padlock-428549_1920-768x511.jpg 768w, https:\/\/ericfischer.eu\/wp-content\/uploads\/2025\/04\/padlock-428549_1920-1536x1022.jpg 1536w, https:\/\/ericfischer.eu\/wp-content\/uploads\/2025\/04\/padlock-428549_1920-18x12.jpg 18w, https:\/\/ericfischer.eu\/wp-content\/uploads\/2025\/04\/padlock-428549_1920-930x620.jpg 930w\" sizes=\"auto, (max-width: 1920px) 100vw, 1920px\" \/><\/figure>\n\n<h2 class=\"wp-block-post-title\"><a href=\"https:\/\/ericfischer.eu\/en\/2025\/04\/07\/digitale-souverenitaet-brauche-ich-das\/\" target=\"_self\" >Digital Sovereignty \u2013 Do I Need It?<\/a><\/h2>\n\n<div class=\"wp-block-post-excerpt\"><p class=\"wp-block-post-excerpt__excerpt\">In Deutschland wird \u00fcber eine neue Koalition verhandelt und das Thema Digitalisierung und digitale Souver\u00e4nit\u00e4t scheinen zu wenig Aufmerksamkeit zu bekommen. W\u00e4hrend vor allem die Open Source Community aufschreit stellt sich dem ein oder anderen bestimmt die Frage: Warum muss ich von propriet\u00e4ren Produkten weg, wenn sie doch funktionieren? Zuerst sollten wir kl\u00e4ren, was digitale<\/p><p class=\"wp-block-post-excerpt__more-text\"><a class=\"wp-block-post-excerpt__more-link\" href=\"https:\/\/ericfischer.eu\/en\/2025\/04\/07\/digitale-souverenitaet-brauche-ich-das\/\">Read now<\/a><\/p><\/div>\n\n<div class=\"wp-block-post-date\"><time datetime=\"2025-04-07T09:32:00+02:00\">7. April 2025<\/time><\/div><\/div><\/div>\n\n<\/li><li class=\"wp-block-post post-19718 post type-post status-publish format-standard has-post-thumbnail hentry category-nextcloud\">\n\n<div class=\"wp-block-group\" style=\"padding-top:30px;padding-right:30px;padding-bottom:30px;padding-left:30px\"><div class=\"wp-block-group__inner-container is-layout-flow wp-block-group-is-layout-flow\"><figure class=\"blog-post-image wp-block-post-featured-image\"><img loading=\"lazy\" decoding=\"async\" width=\"768\" height=\"512\" src=\"https:\/\/ericfischer.eu\/wp-content\/uploads\/2024\/12\/blog-header-agile-in-nextcloud.jpeg\" class=\"attachment-post-thumbnail size-post-thumbnail wp-post-image\" alt=\"\" style=\"object-fit:cover;\" srcset=\"https:\/\/ericfischer.eu\/wp-content\/uploads\/2024\/12\/blog-header-agile-in-nextcloud.jpeg 768w, https:\/\/ericfischer.eu\/wp-content\/uploads\/2024\/12\/blog-header-agile-in-nextcloud-300x200.jpeg 300w, https:\/\/ericfischer.eu\/wp-content\/uploads\/2024\/12\/blog-header-agile-in-nextcloud-18x12.jpeg 18w\" sizes=\"auto, (max-width: 768px) 100vw, 768px\" \/><\/figure>\n\n<h2 class=\"wp-block-post-title\"><a href=\"https:\/\/ericfischer.eu\/en\/2025\/01\/02\/agil-mit-nextcloud-projektmanagement-mit-deck-talk-teams-und-files\/\" target=\"_self\" >Agil mit Nextcloud &#8211; Projektmanagement mit Deck, Talk, Teams und Files<\/a><\/h2>\n\n<div class=\"wp-block-post-excerpt\"><p class=\"wp-block-post-excerpt__excerpt\">Nextcloud kennt man als Filesharing-L\u00f6sung. Doch sp\u00e4testens seit dem Nextcloud Hub kann die eigene Nextcloud auch als simple, datenschtzfreundliche Alternative f\u00fcr Monday, Trello oder Asana verwendet werden, ganz ohne zus\u00e4tzliche externe L\u00f6sungen. Dazu braucht auch es nur wenige Apps innerhalb der Nextcloud: Deck, Talk, Teams und Files. Was ist agiles Projektmanagement? Unter dem agilen Projektmanagement<\/p><p class=\"wp-block-post-excerpt__more-text\"><a class=\"wp-block-post-excerpt__more-link\" href=\"https:\/\/ericfischer.eu\/en\/2025\/01\/02\/agil-mit-nextcloud-projektmanagement-mit-deck-talk-teams-und-files\/\">Read now<\/a><\/p><\/div>\n\n<div class=\"wp-block-post-date\"><time datetime=\"2025-01-02T10:09:00+01:00\">2. January 2025<\/time><\/div><\/div><\/div>\n\n<\/li><li class=\"wp-block-post post-19675 post type-post status-publish format-standard has-post-thumbnail hentry category-meinung category-public-administration\">\n\n<div class=\"wp-block-group\" style=\"padding-top:30px;padding-right:30px;padding-bottom:30px;padding-left:30px\"><div class=\"wp-block-group__inner-container is-layout-flow wp-block-group-is-layout-flow\"><figure class=\"blog-post-image wp-block-post-featured-image\"><img loading=\"lazy\" decoding=\"async\" width=\"1280\" height=\"854\" src=\"https:\/\/ericfischer.eu\/wp-content\/uploads\/2023\/12\/despaired-2261021_1280.jpg\" class=\"attachment-post-thumbnail size-post-thumbnail wp-post-image\" alt=\"Lego-M\u00e4nnchen mit verzweifelter Miene vor einem Schreibtisch mit PC.\" style=\"object-fit:cover;\" srcset=\"https:\/\/ericfischer.eu\/wp-content\/uploads\/2023\/12\/despaired-2261021_1280.jpg 1280w, https:\/\/ericfischer.eu\/wp-content\/uploads\/2023\/12\/despaired-2261021_1280-300x200.jpg 300w, https:\/\/ericfischer.eu\/wp-content\/uploads\/2023\/12\/despaired-2261021_1280-1024x683.jpg 1024w, https:\/\/ericfischer.eu\/wp-content\/uploads\/2023\/12\/despaired-2261021_1280-768x512.jpg 768w, https:\/\/ericfischer.eu\/wp-content\/uploads\/2023\/12\/despaired-2261021_1280-930x620.jpg 930w\" sizes=\"auto, (max-width: 1280px) 100vw, 1280px\" \/><\/figure>\n\n<h2 class=\"wp-block-post-title\"><a href=\"https:\/\/ericfischer.eu\/en\/2023\/12\/29\/kommentar-wieder-wird-die-deutsche-digitalisierung-komplizierter\/\" target=\"_self\" >Comment: Digitalization in Germany becomes more complex again<\/a><\/h2>\n\n<div class=\"wp-block-post-excerpt\"><p class=\"wp-block-post-excerpt__excerpt\">To make it easier to identify oneself for digital applications, a new identity card was introduced in Germany, which can be used not only as a physical document but also as an eID (Electronic Identity). Unfortunately, the federal government has made a decision that could negatively impact the acceptance of this useful tool.<\/p><p class=\"wp-block-post-excerpt__more-text\"><a class=\"wp-block-post-excerpt__more-link\" href=\"https:\/\/ericfischer.eu\/en\/2023\/12\/29\/kommentar-wieder-wird-die-deutsche-digitalisierung-komplizierter\/\">Read now<\/a><\/p><\/div>\n\n<div class=\"wp-block-post-date\"><time datetime=\"2023-12-29T14:06:00+01:00\">29. December 2023<\/time><\/div><\/div><\/div>\n\n<\/li><li class=\"wp-block-post post-19668 post type-post status-publish format-standard has-post-thumbnail hentry category-public-administration\">\n\n<div class=\"wp-block-group\" style=\"padding-top:30px;padding-right:30px;padding-bottom:30px;padding-left:30px\"><div class=\"wp-block-group__inner-container is-layout-flow wp-block-group-is-layout-flow\"><figure class=\"blog-post-image wp-block-post-featured-image\"><img loading=\"lazy\" decoding=\"async\" width=\"1280\" height=\"916\" src=\"https:\/\/ericfischer.eu\/wp-content\/uploads\/2023\/08\/blogger-2838945_1280.jpg\" class=\"attachment-post-thumbnail size-post-thumbnail wp-post-image\" alt=\"\" style=\"object-fit:cover;\" srcset=\"https:\/\/ericfischer.eu\/wp-content\/uploads\/2023\/08\/blogger-2838945_1280.jpg 1280w, https:\/\/ericfischer.eu\/wp-content\/uploads\/2023\/08\/blogger-2838945_1280-300x215.jpg 300w, https:\/\/ericfischer.eu\/wp-content\/uploads\/2023\/08\/blogger-2838945_1280-1024x733.jpg 1024w, https:\/\/ericfischer.eu\/wp-content\/uploads\/2023\/08\/blogger-2838945_1280-768x550.jpg 768w\" sizes=\"auto, (max-width: 1280px) 100vw, 1280px\" \/><\/figure>\n\n<h2 class=\"wp-block-post-title\"><a href=\"https:\/\/ericfischer.eu\/en\/2023\/08\/09\/mehr-komplexitaet-fuer-weniger-buerokratie\/\" target=\"_self\" >Why more complexity is needed for bureaucratic reduction<\/a><\/h2>\n\n<div class=\"wp-block-post-excerpt\"><p class=\"wp-block-post-excerpt__excerpt\">It sounds paradoxical: bureaucratic reduction is supposed to simplify work, yet the path to simplicity is often more complex than it seems. The fundamental idea of simplifying processes encounters the paradox that service providers must first accept more complexity in order to ultimately create a smooth and uncomplicated experience for their target audiences.<\/p><p class=\"wp-block-post-excerpt__more-text\"><a class=\"wp-block-post-excerpt__more-link\" href=\"https:\/\/ericfischer.eu\/en\/2023\/08\/09\/mehr-komplexitaet-fuer-weniger-buerokratie\/\">Read now<\/a><\/p><\/div>\n\n<div class=\"wp-block-post-date\"><time datetime=\"2023-08-09T08:41:14+02:00\">9. August 2023<\/time><\/div><\/div><\/div>\n\n<\/li><li class=\"wp-block-post post-19614 post type-post status-publish format-standard has-post-thumbnail hentry category-allgemein\">\n\n<div class=\"wp-block-group\" style=\"padding-top:30px;padding-right:30px;padding-bottom:30px;padding-left:30px\"><div class=\"wp-block-group__inner-container is-layout-flow wp-block-group-is-layout-flow\"><figure class=\"blog-post-image wp-block-post-featured-image\"><img loading=\"lazy\" decoding=\"async\" width=\"1920\" height=\"1280\" src=\"https:\/\/ericfischer.eu\/wp-content\/uploads\/2022\/09\/virtual-7432926_1920.jpg\" class=\"attachment-post-thumbnail size-post-thumbnail wp-post-image\" alt=\"\" style=\"object-fit:cover;\" srcset=\"https:\/\/ericfischer.eu\/wp-content\/uploads\/2022\/09\/virtual-7432926_1920.jpg 1920w, https:\/\/ericfischer.eu\/wp-content\/uploads\/2022\/09\/virtual-7432926_1920-300x200.jpg 300w, https:\/\/ericfischer.eu\/wp-content\/uploads\/2022\/09\/virtual-7432926_1920-1024x683.jpg 1024w, https:\/\/ericfischer.eu\/wp-content\/uploads\/2022\/09\/virtual-7432926_1920-768x512.jpg 768w, https:\/\/ericfischer.eu\/wp-content\/uploads\/2022\/09\/virtual-7432926_1920-1536x1024.jpg 1536w, https:\/\/ericfischer.eu\/wp-content\/uploads\/2022\/09\/virtual-7432926_1920-930x620.jpg 930w\" sizes=\"auto, (max-width: 1920px) 100vw, 1920px\" \/><\/figure>\n\n<h2 class=\"wp-block-post-title\"><a href=\"https:\/\/ericfischer.eu\/en\/2022\/09\/29\/ein-buergeramtsbesuch-im-metaverse\/\" target=\"_self\" >A visit to the citizen's office in the Metaverse<\/a><\/h2>\n\n<div class=\"wp-block-post-excerpt\"><p class=\"wp-block-post-excerpt__excerpt\">Wie k\u00f6nnten Beh\u00f6rdeng\u00e4nge im Metaverse aussehen? Aktuell mag diese Frage noch sehr nach Science Fiction klingen, aber sie k\u00f6nnte doch irgendwann Realit\u00e4t werden. Schlie\u00dflich begibt sich sogar die \u00f6sterreichische Post auf diese neue Terrain. Am 08.09. durfte ich beim X-Talk \u00fcber dieses Thema sprechen und m\u00f6chte das Thema noch weiter detaillieren. Was ist das Metaverse?<\/p><p class=\"wp-block-post-excerpt__more-text\"><a class=\"wp-block-post-excerpt__more-link\" href=\"https:\/\/ericfischer.eu\/en\/2022\/09\/29\/ein-buergeramtsbesuch-im-metaverse\/\">Read now<\/a><\/p><\/div>\n\n<div class=\"wp-block-post-date\"><time datetime=\"2022-09-29T09:20:00+02:00\">29. September 2022<\/time><\/div><\/div><\/div>\n\n<\/li><li class=\"wp-block-post post-8381 post type-post status-publish format-standard has-post-thumbnail hentry category-allgemein\">\n\n<div class=\"wp-block-group\" style=\"padding-top:30px;padding-right:30px;padding-bottom:30px;padding-left:30px\"><div class=\"wp-block-group__inner-container is-layout-flow wp-block-group-is-layout-flow\"><figure class=\"blog-post-image wp-block-post-featured-image\"><img loading=\"lazy\" decoding=\"async\" width=\"1920\" height=\"1238\" src=\"https:\/\/ericfischer.eu\/wp-content\/uploads\/2021\/11\/id-4157974_1920.jpg\" class=\"attachment-post-thumbnail size-post-thumbnail wp-post-image\" alt=\"\" style=\"object-fit:cover;\" srcset=\"https:\/\/ericfischer.eu\/wp-content\/uploads\/2021\/11\/id-4157974_1920.jpg 1920w, https:\/\/ericfischer.eu\/wp-content\/uploads\/2021\/11\/id-4157974_1920-300x193.jpg 300w, https:\/\/ericfischer.eu\/wp-content\/uploads\/2021\/11\/id-4157974_1920-1024x660.jpg 1024w, https:\/\/ericfischer.eu\/wp-content\/uploads\/2021\/11\/id-4157974_1920-768x495.jpg 768w, https:\/\/ericfischer.eu\/wp-content\/uploads\/2021\/11\/id-4157974_1920-1536x990.jpg 1536w\" sizes=\"auto, (max-width: 1920px) 100vw, 1920px\" \/><\/figure>\n\n<h2 class=\"wp-block-post-title\"><a href=\"https:\/\/ericfischer.eu\/en\/2021\/11\/01\/eid-ein-verbesserungs-vorschlag\/\" target=\"_self\" >eID: A suggestion for improvement<\/a><\/h2>\n\n<div class=\"wp-block-post-excerpt\"><p class=\"wp-block-post-excerpt__excerpt\">The electronic identity card has been available in Germany for over 10 years, yet it is hardly used. I would like to demonstrate how the concept could be improved and attract users.<\/p><p class=\"wp-block-post-excerpt__more-text\"><a class=\"wp-block-post-excerpt__more-link\" href=\"https:\/\/ericfischer.eu\/en\/2021\/11\/01\/eid-ein-verbesserungs-vorschlag\/\">Read now<\/a><\/p><\/div>\n\n<div class=\"wp-block-post-date\"><time datetime=\"2021-11-01T19:34:42+01:00\">1. November 2021<\/time><\/div><\/div><\/div>\n\n<\/li><\/ul><\/div>\n\n\n\n<div style=\"height:50px\" aria-hidden=\"true\" class=\"wp-block-spacer\"><\/div>\n\n\n\n<h2 class=\"wp-block-heading has-text-align-center\">About myself<\/h2>\n\n\n\n<div style=\"height:49px\" aria-hidden=\"true\" class=\"wp-block-spacer\"><\/div>\n\n\n\n<div class=\"wp-block-columns is-layout-flex wp-container-core-columns-is-layout-9d6595d7 wp-block-columns-is-layout-flex\">\n<div class=\"wp-block-column is-layout-flow wp-block-column-is-layout-flow\">\n<h3 class=\"wp-block-heading\">Education<\/h3>\n\n\n\n<p><strong>2019<\/strong> Degree B.Sc. Business Informatics - Business Engineering<br>DHBW Ravensburg<\/p>\n\n\n\n<p class=\"translation-block\"><strong>2016<\/strong> A-levels<br>Albert-Einstein secondary school, Ravensburg<\/p>\n<\/div>\n\n\n\n<div class=\"wp-block-column is-layout-flow wp-block-column-is-layout-flow\">\n<h3 class=\"wp-block-heading\">Career<\/h3>\n\n\n\n<p class=\"translation-block\"><strong>since 2024<\/strong> Technical Project Management<br>Nextcloud<\/p>\n\n\n\n<p class=\"translation-block\"><strong>2021-2024<\/strong> Process- &amp; Project Mananger Digitalization<br>City of Ravensburg<\/p>\n\n\n\n<p><strong>2019 &#8211; 2021<\/strong> Junior Consultant \/ Softwareentwickler<br>Ametras Itec GmbH<\/p>\n<\/div>\n<\/div>\n\n\n\n<div class=\"wp-block-columns is-layout-flex wp-container-core-columns-is-layout-9d6595d7 wp-block-columns-is-layout-flex\">\n<div class=\"wp-block-column is-layout-flow wp-block-column-is-layout-flow\">\n<h3 class=\"wp-block-heading\">Privates<\/h3>\n\n\n\n<p class=\"translation-block\"><strong>since end of 2022:<\/strong> Board member Event Presentation for the Athletics Association of Wuerttemberg (WLV)<\/p>\n<\/div>\n\n\n\n<div class=\"wp-block-column is-layout-flow wp-block-column-is-layout-flow\">\n<h3 class=\"wp-block-heading\">Hobbies<\/h3>\n\n\n\n<p class=\"translation-block\"><strong>Sport<\/strong>: For a long time, I was a competitive athlete in track and field (hurdles) and a coach for children's athletics at LG Welfen.<\/p>\n\n\n\n<p><strong>Music:<\/strong> <a href=\"https:\/\/dj-eric-fisherman.com\" data-type=\"URL\" data-id=\"https:\/\/dj-eric-fisherman.com\" target=\"_blank\" rel=\"noreferrer noopener\"><i class=\"fas fa-headphones-alt\"><\/i> More information<\/a><\/p>\n<\/div>\n<\/div>\n\n\n\n<p><\/p>","protected":false},"excerpt":{"rendered":"<p>Aus dem Blog \u00dcber mich Bildung 2019 Abschluss B.Sc. Wirtschaftsinformatik &#8211; Business EngineeringDHBW Ravensburg 2016 AbiturAlbert-Einstein-Gymnasium, Ravensburg Beruflich seit 2024 Technischer ProjektmanagerNextcloud 2021-2024 Prozess- &amp; Projektmanager DigitalisierungStadt Ravensburg 2019 &#8211; 2021 Junior Consultant \/ SoftwareentwicklerAmetras Itec GmbH Privates seit Ende 2022: Vertreter Event Presentation beim W\u00fcrttembergischen Leichtathletik-Verband (WLV) Freizeit Sport: Lange Zeit Leistungssport Leichtathletik (H\u00fcrden) [&hellip;]<\/p>\n","protected":false},"author":1,"featured_media":0,"parent":0,"menu_order":0,"comment_status":"closed","ping_status":"closed","template":"","meta":{"neve_meta_sidebar":"","neve_meta_container":"","neve_meta_enable_content_width":"on","neve_meta_content_width":100,"neve_meta_title_alignment":"","neve_meta_author_avatar":"","neve_post_elements_order":"","neve_meta_disable_header":"","neve_meta_disable_footer":"","neve_meta_disable_title":"on","footnotes":""},"class_list":["post-6","page","type-page","status-publish","hentry"],"_links":{"self":[{"href":"https:\/\/ericfischer.eu\/en\/wp-json\/wp\/v2\/pages\/6","targetHints":{"allow":["GET"]}}],"collection":[{"href":"https:\/\/ericfischer.eu\/en\/wp-json\/wp\/v2\/pages"}],"about":[{"href":"https:\/\/ericfischer.eu\/en\/wp-json\/wp\/v2\/types\/page"}],"author":[{"embeddable":true,"href":"https:\/\/ericfischer.eu\/en\/wp-json\/wp\/v2\/users\/1"}],"replies":[{"embeddable":true,"href":"https:\/\/ericfischer.eu\/en\/wp-json\/wp\/v2\/comments?post=6"}],"version-history":[{"count":27,"href":"https:\/\/ericfischer.eu\/en\/wp-json\/wp\/v2\/pages\/6\/revisions"}],"predecessor-version":[{"id":19726,"href":"https:\/\/ericfischer.eu\/en\/wp-json\/wp\/v2\/pages\/6\/revisions\/19726"}],"wp:attachment":[{"href":"https:\/\/ericfischer.eu\/en\/wp-json\/wp\/v2\/media?parent=6"}],"curies":[{"name":"wp","href":"https:\/\/api.w.org\/{rel}","templated":true}]}}